{"id":46,"date":"2024-08-01T17:14:26","date_gmt":"2024-08-01T17:14:26","guid":{"rendered":"https:\/\/2024.sagirderbisegitimi.org\/?page_id=46"},"modified":"2024-08-01T17:15:56","modified_gmt":"2024-08-01T17:15:56","slug":"egitime-katilacak-dernekler-ve-federasyonlar","status":"publish","type":"page","link":"https:\/\/sagirderbisegitimi.tsk2015.org.tr\/2024\/egitime-katilacak-dernekler-ve-federasyonlar\/","title":{"rendered":"E\u011fitime Kat\u0131lacak Dernekler ve Federasyonlar"},"content":{"rendered":"<p>D\u00fcnya Sa\u011f\u0131rlar Turizm ve Medya Federasyonu<br \/>\nDenizli \u0130\u015fitme Engelliler Derne\u011fi<br \/>\nAnadolu Sa\u011f\u0131rlar Derne\u011fi<br \/>\n\u0130\u015fitme Engelliler Birliktelik Derne\u011fi<br \/>\nSa\u011f\u0131r Kad\u0131nlar Federasyonu<br \/>\nSa\u011f\u0131rlar Gen\u00e7lik Federasyonu<br \/>\n\u0130\u015faret Dili ve Eri\u015febilirlik Federasyonu<br \/>\nSamsun Engelliler Federasyonu<br \/>\nNi\u011fde \u0130\u015fitme Engelliler Derne\u011fi<br \/>\nBatman \u0130\u015fitme Engelliler Derne\u011fi<br \/>\nSa\u011f\u0131r Kad\u0131nlar Sosyal Dayan\u0131\u015fma Derne\u011fi<br \/>\nMersin \u0130\u015fitme Engelliler Derne\u011fi<br \/>\nKaradeniz Ere\u011fli \u0130\u015fitme Engelliler Derne\u011fi<br \/>\nKonya \u0130\u015fitme Engelliler Derne\u011fi<br \/>\nAnadolu Sessiz Umutlar Derne\u011fi<br \/>\nYenimahalle Sa\u011f\u0131rlar Derne\u011fi<br \/>\nTorbal\u0131 \u0130\u015fitme Engelliler Derne\u011fi<br \/>\n\u0130\u015fitme Engelliler Federasyonu<br \/>\nPamukkale \u0130\u015fitme Engelliler Derne\u011fi<br \/>\nGaziantep Sa\u011f\u0131rlar Derne\u011fi<br \/>\nYozgat \u0130\u015fitme engelliler Spor ve Derne\u011fi<br \/>\nU\u015fak \u0130\u015fitme Engelliler Derne\u011fi<br \/>\nAntalya \u0130\u015fitme Engelliler Derne\u011fi<br \/>\nDiyarbak\u0131r \u0130\u015fitme Engelliler Derne\u011fi<br \/>\nSincan \u0130\u015fitme Engelliler Dayan\u0131\u015fma Derne\u011fi<br \/>\nBal\u0131kesir \u0130\u015fitme Engelliler\u00a0Spor\u00a0ve\u00a0Derne\u011fi<\/p>\n","protected":false},"excerpt":{"rendered":"<p>D\u00fcnya Sa\u011f\u0131rlar Turizm ve Medya Federasyonu Denizli \u0130\u015fitme Engelliler Derne\u011fi Anadolu Sa\u011f\u0131rlar Derne\u011fi \u0130\u015fitme Engelliler Birliktelik Derne\u011fi Sa\u011f\u0131r Kad\u0131nlar Federasyonu Sa\u011f\u0131rlar Gen\u00e7lik Federasyonu \u0130\u015faret Dili ve Eri\u015febilirlik Federasyonu Samsun Engelliler&#8230;<\/p>\n","protected":false},"author":1,"featured_media":0,"parent":0,"menu_order":0,"comment_status":"closed","ping_status":"closed","template":"","meta":{"footnotes":""},"class_list":["post-46","page","type-page","status-publish"],"_links":{"self":[{"href":"https:\/\/sagirderbisegitimi.tsk2015.org.tr\/2024\/wp-json\/wp\/v2\/pages\/46","targetHints":{"allow":["GET"]}}],"collection":[{"href":"https:\/\/sagirderbisegitimi.tsk2015.org.tr\/2024\/wp-json\/wp\/v2\/pages"}],"about":[{"href":"https:\/\/sagirderbisegitimi.tsk2015.org.tr\/2024\/wp-json\/wp\/v2\/types\/page"}],"author":[{"embeddable":true,"href":"https:\/\/sagirderbisegitimi.tsk2015.org.tr\/2024\/wp-json\/wp\/v2\/users\/1"}],"replies":[{"embeddable":true,"href":"https:\/\/sagirderbisegitimi.tsk2015.org.tr\/2024\/wp-json\/wp\/v2\/comments?post=46"}],"version-history":[{"count":2,"href":"https:\/\/sagirderbisegitimi.tsk2015.org.tr\/2024\/wp-json\/wp\/v2\/pages\/46\/revisions"}],"predecessor-version":[{"id":50,"href":"https:\/\/sagirderbisegitimi.tsk2015.org.tr\/2024\/wp-json\/wp\/v2\/pages\/46\/revisions\/50"}],"wp:attachment":[{"href":"https:\/\/sagirderbisegitimi.tsk2015.org.tr\/2024\/wp-json\/wp\/v2\/media?parent=46"}],"curies":[{"name":"wp","href":"https:\/\/api.w.org\/{rel}","templated":true}]}}